{"id":76,"date":"2017-09-01T00:00:25","date_gmt":"2017-09-01T00:00:25","guid":{"rendered":"http:\/\/smsigkovacic.me\/?page_id=76"},"modified":"2025-10-17T08:55:33","modified_gmt":"2025-10-17T06:55:33","slug":"prijem-roditelja","status":"publish","type":"page","link":"https:\/\/smsigkovacic.me\/?page_id=76","title":{"rendered":"Prijem roditelja"},"content":{"rendered":"\n<p>KONSULTACIJE SA RODITELJIMA I U\u010cENICIMA za \u0161kolsku 2025\/26. godinu.<\/p>\n\n\n\n<figure class=\"wp-block-table is-style-regular\"><table class=\"has-fixed-layout\"><tbody><tr><td><strong>Odjeljenje<\/strong><\/td><td><strong>Odjeljenjski starje\u0161ina<\/strong><\/td><td><strong>Dan<\/strong><\/td><td><strong>Satnica<\/strong><\/td><\/tr><tr><td><strong>I a&nbsp;<\/strong><\/td><td>Slavica \u017dori\u0107<\/td><td>utorak<\/td><td>7.30-8.15<\/td><\/tr><tr><td><strong>I b&nbsp;<\/strong><\/td><td>Jelena Stamenovi\u0107<\/td><td>srijeda<\/td><td>9.10-9.50<\/td><\/tr><tr><td><strong>I v&nbsp;<\/strong><\/td><td>Sr\u0111an Kulinovi\u0107<\/td><td>ponedeljak<\/td><td>11.50-12.35<\/td><\/tr><tr><td><strong>II a&nbsp;<\/strong><\/td><td>Sanja Ateljevi\u0107<\/td><td>ponedeljak<\/td><td>10.15-11.00<\/td><\/tr><tr><td><strong>II b&nbsp;<\/strong><\/td><td>Milan Ra\u0111enovi\u0107<\/td><td>utorak<\/td><td>12.40-13.25<\/td><\/tr><tr><td><strong>II v&nbsp;<\/strong><\/td><td>Ana Mirja\u010di\u0107<\/td><td>petak<\/td><td>9.05-9.45<\/td><\/tr><tr><td><strong>III a&nbsp;<\/strong><\/td><td>Neboj\u0161a \u010calija<\/td><td>ponedeljak srijeda,\u010detvrtak<\/td><td>10.10-11 9.10-10<\/td><\/tr><tr><td><strong>III b&nbsp;<\/strong><\/td><td>Aleksandra Kre\u010dkovi\u0107<\/td><td>srijeda<\/td><td>9.10-9.55<\/td><\/tr><tr><td><strong>III v&nbsp;<\/strong><\/td><td>Jovica Gudeljevi\u0107<\/td><td>petak<\/td><td>11.00-11.30<\/td><\/tr><tr><td><strong>IV a&nbsp;<\/strong><\/td><td>Gojko \u0110ur\u0111evi\u0107<\/td><td>utorak<\/td><td>9.10-9.55<\/td><\/tr><tr><td><strong>IV b&nbsp;<\/strong><\/td><td>Anica Radan<\/td><td>\u010detvrtak<\/td><td>9.10-10.00<\/td><\/tr><tr><td><strong>I tu&nbsp;<\/strong><\/td><td>Danijela Gudeljevi\u0107<\/td><td>utorak<\/td><td>7.30-8.15<\/td><\/tr><tr><td><strong>II tu&nbsp;<\/strong><\/td><td>Milica Gajovi\u0107<\/td><td>utorak<\/td><td>10.00-11.00<\/td><\/tr><tr><td><strong>III tu&nbsp;<\/strong><\/td><td>Nina Be\u0107irovi\u0107<\/td><td>ponedeljak<\/td><td>09.10-10.10<\/td><\/tr><tr><td><strong>IV tu&nbsp;<\/strong><\/td><td>Ljubomir Ljubisavljevi\u0107<\/td><td>srijeda,\u010detvrtak<\/td><td>10.15-11.00<\/td><\/tr><tr><td><strong>I veb&nbsp;<\/strong><\/td><td>Dijana Roganovi\u0107<\/td><td>petak<\/td><td>11.50-12.35<\/td><\/tr><tr><td><strong>I e&nbsp;<\/strong><\/td><td>Nata\u0161a Bulatovi\u0107<\/td><td>utorak,\u010detvrtak petak<\/td><td>11.-11.45 10.15-10.45<\/td><\/tr><tr><td><strong>II e&nbsp;<\/strong><\/td><td>Miljan Kova\u010devi\u0107<\/td><td>ponedeljak &nbsp; srijeda &nbsp;<\/td><td>11.50-12.35 13.40-14.30<\/td><\/tr><tr><td><strong>III e&nbsp;<\/strong><\/td><td>Valerija Koprivica<\/td><td>srijeda<\/td><td>10.10-10.55<\/td><\/tr><tr><td><strong>IV e&nbsp;<\/strong><\/td><td>Danijela Uskokovi\u0107<\/td><td>petak<\/td><td>11.00-11.45<\/td><\/tr><tr><td><strong>I u1&nbsp;<\/strong><\/td><td>Orion Fulurija<\/td><td>\u010detvrtak<\/td><td>13.40-14.25<\/td><\/tr><tr><td><strong>&nbsp;I u2&nbsp;<\/strong><\/td><td>Mirela \u0106irovi\u0107<\/td><td>ponedeljak<\/td><td>13.40-14.25<\/td><\/tr><tr><td><strong>II u1&nbsp;<\/strong><\/td><td>Stefan Ku\u010devi\u0107<\/td><td>utorak<\/td><td>14.30-15.00<\/td><\/tr><tr><td><strong>III u1&nbsp;<\/strong><\/td><td>Nata\u0161a Mladenovi\u0107<\/td><td>ponedeljak<\/td><td>13.30-14.15<\/td><\/tr><tr><td><strong>IV u1&nbsp;<\/strong><\/td><td>Stanka Zambeli\u0107<\/td><td>\u010detvrtak<\/td><td>12.40-13.25<\/td><\/tr><tr><td><strong>I zt&nbsp;<\/strong><\/td><td>Jovana Tatalovi\u0107<\/td><td>utorak &nbsp; petak &nbsp;<\/td><td>10.10-10.55 15.20-15.55<\/td><\/tr><tr><td><strong>II zt&nbsp;<\/strong><\/td><td>Ana Lekovi\u0107<\/td><td>\u010detvrtak<\/td><td>9.10-9.55<\/td><\/tr><tr><td><strong>III zt&nbsp;<\/strong><\/td><td>Sa\u0161a Vuleti\u0107<\/td><td>ponedeljak<\/td><td>10.10-10.55<\/td><\/tr><tr><td><strong>IV zt&nbsp;<\/strong><\/td><td>Alen Lalovac<\/td><td>srijeda<\/td><td>11-11.45<\/td><\/tr><tr><td><strong>I gr&nbsp;<\/strong><\/td><td>Jelica \u0110urkovi\u0107<\/td><td>srijeda \u010detvrtak &nbsp;<\/td><td>8.20-9.05 11.50-12.35<\/td><\/tr><tr><td><strong>II gr&nbsp;<\/strong><\/td><td>Biljana Ba\u0107ovi\u0107<\/td><td>\u010detvrtak<\/td><td>12.50-13.25<\/td><\/tr><tr><td><strong>III gr&nbsp;<\/strong><\/td><td>Dragana Vuji\u010di\u0107<\/td><td>utorak &nbsp; \u010detvrtak &nbsp; &nbsp;<\/td><td>10.10-10.55 11.50-12.35<\/td><\/tr><tr><td><strong>IV gr&nbsp;<\/strong><\/td><td>Lidija Rako\u010devi\u0107<\/td><td>petak<\/td><td>11.45-12.30<\/td><\/tr><tr><td><strong>I t&nbsp;<\/strong><\/td><td>Milena Radulovi\u0107<\/td><td>ponedeljak<\/td><td>13.30-14.30<\/td><\/tr><tr><td><strong>II t&nbsp;<\/strong><\/td><td>Mirko Lepeti\u0107<\/td><td>utorak<\/td><td>12.30-13.30<\/td><\/tr><tr><td><strong>III t&nbsp;<\/strong><\/td><td>Radmila Popovi\u0107<\/td><td>srijeda &nbsp; \u010detvrtak &nbsp;<\/td><td>14.20-15.15 15.15-16.20<\/td><\/tr><tr><td><strong>I f&nbsp;<\/strong><\/td><td>Vasilije Savi\u0107<\/td><td>utorak<\/td><td>13.50-14.25<\/td><\/tr><tr><td><strong>II f&nbsp;<\/strong><\/td><td>Ksandra Popovi\u0107<\/td><td>srijeda<\/td><td>14.30-15.15<\/td><\/tr><tr><td><strong>I vin&nbsp;<\/strong><\/td><td>Mario \u0160imi\u0107<\/td><td>srijeda<\/td><td>11.00-11.45<\/td><\/tr><tr><td><strong>II vin&nbsp;<\/strong><\/td><td>Sanja Muminovi\u0107<\/td><td>petak<\/td><td>10.10-10.55<\/td><\/tr><tr><td><strong>III vin&nbsp;<\/strong><\/td><td>Tamara Dabovi\u0107<\/td><td>utorak<\/td><td>10.10-10.55<\/td><\/tr><tr><td><strong>&nbsp;<\/strong><\/td><td>Zorica Markovic<\/td><td>\u010detvrtak<\/td><td>11.50-12.35<\/td><\/tr><tr><td><strong>&nbsp;<\/strong><\/td><td>Dragana Kosa\u0107<\/td><td>ponedeljak<\/td><td>14.30-15.15<\/td><\/tr><tr><td><strong>&nbsp;<\/strong><\/td><td>Biljana Brajovi\u0107<\/td><td>utorak<\/td><td>13.25-14.10<\/td><\/tr><tr><td><strong>&nbsp;<\/strong><\/td><td>\u017dana Garda\u0161evi\u0107<\/td><td>srijeda<\/td><td>10.10-10.55<\/td><\/tr><tr><td><strong>&nbsp;<\/strong><\/td><td>Nikola Markovi\u0107<\/td><td>srijeda<\/td><td>11.50-12.35<\/td><\/tr><tr><td><strong>&nbsp;<\/strong><\/td><td>\u017deljko Koprivica<\/td><td>ponedeljak<\/td><td>13.45-14.20<\/td><\/tr><tr><td><strong>&nbsp;<\/strong><\/td><td>Dejan Miljevi\u0107<\/td><td>srijeda<\/td><td>12.40-13.25<\/td><\/tr><tr><td><strong>&nbsp;<\/strong><\/td><td>Stanislavka Marojevi\u0107<\/td><td>\u010detvrtak<\/td><td>12.40-13.25<\/td><\/tr><tr><td><strong>&nbsp;<\/strong><\/td><td>Ljubomir \u0110uri\u0161i\u0107<\/td><td>srijeda<\/td><td>11.00-11.45<\/td><\/tr><tr><td><strong>&nbsp;<\/strong><\/td><td>Sini\u0161a Brajovi\u0107<\/td><td>srijeda<\/td><td>12.35-13.25<\/td><\/tr><tr><td><strong>&nbsp;<\/strong><\/td><td>Jelena Popovi\u0107<\/td><td>srijeda<\/td><td>16.10-16.55<\/td><\/tr><tr><td><strong>&nbsp;<\/strong><\/td><td>Sonja Paspalj<\/td><td>srijeda<\/td><td>15.20-16.05<\/td><\/tr><tr><td><strong>&nbsp;<\/strong><\/td><td>Branislav Kre\u010dkovi\u0107<\/td><td>ponedeljak<\/td><td>9.10-9.55<\/td><\/tr><tr><td><strong>&nbsp;<\/strong><\/td><td>Vesko Ma\u0161kovi\u0107<\/td><td>petak<\/td><td>10.10-11.00<\/td><\/tr><tr><td><strong>&nbsp;<\/strong><\/td><td>Milica Tu\u0161up<\/td><td>petak<\/td><td>14.30-15.00<\/td><\/tr><tr><td><strong>&nbsp;<\/strong><\/td><td>Danijela \u017di\u017ei\u0107<\/td><td>\u010detvrtak<\/td><td>10.10-10.55<\/td><\/tr><tr><td><strong>&nbsp;<\/strong><\/td><td>Sla\u0111ana Samard\u017ei\u0107<\/td><td>ponedeljaK<\/td><td>08.30-9.00<\/td><\/tr><tr><td><strong>&nbsp;<\/strong><\/td><td>Momir Dragi\u0107evi\u0107<\/td><td>utorak<\/td><td>9.10-9.50<\/td><\/tr><tr><td><strong>&nbsp;<\/strong><\/td><td>Ksenija Odalovi\u0107<\/td><td>srijeda<\/td><td>8.30-9.00<\/td><\/tr><tr><td><strong>&nbsp;<\/strong><\/td><td>Biljana Grle<\/td><td>srijeda<\/td><td>9.05-10.00h<\/td><\/tr><tr><td><strong>&nbsp;<\/strong><\/td><td>Mira Jovanovi\u0107<\/td><td>utorak<\/td><td>8.20-9.05<\/td><\/tr><tr><td><strong>&nbsp;<\/strong><\/td><td>Milena Ivanovi\u0107<\/td><td>utorak,srijeda<\/td><td>10.10-10.55<\/td><\/tr><tr><td><strong>&nbsp;<\/strong><\/td><td>Olga Tomovi\u0107<\/td><td>ponedeljak<\/td><td>13.40-14.25<\/td><\/tr><tr><td><strong>&nbsp;<\/strong><\/td><td>Svetlana Jan\u010di\u0107<\/td><td>petak<\/td><td>12.40-13.25<\/td><\/tr><tr><td><strong>&nbsp;<\/strong><\/td><td>Marina Vuleti\u0107<\/td><td>petak<\/td><td>11.50-12.35<\/td><\/tr><tr><td><strong>&nbsp;<\/strong><\/td><td>Luka Milanovi\u0107<\/td><td>srijeda<\/td><td>16.10-16.55<\/td><\/tr><tr><td><strong>&nbsp;<\/strong><\/td><td>Ivana Bigovi\u0107<\/td><td>\u010detvrtak<\/td><td>11.00-11.30<\/td><\/tr><tr><td><strong>&nbsp;<\/strong><\/td><td>Ljiljana Vavi\u0107<\/td><td>utorak<\/td><td>12.40-13.25<\/td><\/tr><tr><td><strong>&nbsp;<\/strong><\/td><td>Marko Rai\u010devi\u0107<\/td><td>\u010detvrtak<\/td><td>14.00-14.30<\/td><\/tr><tr><td><strong>&nbsp;<\/strong><\/td><td>Sne\u017eana Popovi\u0107<\/td><td>petak<\/td><td>13.40-14.25<\/td><\/tr><tr><td><strong>&nbsp;<\/strong><\/td><td>Ivana Bardek<\/td><td>petak<\/td><td>13.40-14.25<\/td><\/tr><tr><td><strong>&nbsp;<\/strong><\/td><td>Sne\u017eana Lalatovi\u0107<\/td><td>utorak<\/td><td>11.00-11.45<\/td><\/tr><tr><td><strong>&nbsp;<\/strong><\/td><td>Marina Dim\u010da<\/td><td>ponedeljak<\/td><td>10.10-10.55<\/td><\/tr><tr><td><strong>&nbsp;<\/strong><\/td><td>Jelena Mili\u0107evi\u0107<\/td><td>utorak<\/td><td>9.10-9.55<\/td><\/tr><tr><td><strong>&nbsp;<\/strong><\/td><td>Minja Josipovi\u0107<\/td><td>\u010detvrtak<\/td><td>9.10-9.55<\/td><\/tr><tr><td><strong>&nbsp;<\/strong><\/td><td>Nata\u0161a Kekovi\u0107<\/td><td>\u010detvrtak<\/td><td>10.10-10.55<\/td><\/tr><\/tbody><\/table><\/figure>\n\n\n\n<p><\/p>\n","protected":false},"excerpt":{"rendered":"<p>KONSULTACIJE SA RODITELJIMA I U\u010cENICIMA za \u0161kolsku 2025\/26. godinu. Odjeljenje Odjeljenjski starje\u0161ina Dan Satnica I a&nbsp; Slavica \u017dori\u0107 utorak 7.30-8.15&#46;&#46;&#46;<\/p>\n","protected":false},"author":1,"featured_media":0,"parent":0,"menu_order":0,"comment_status":"closed","ping_status":"closed","template":"","meta":{"footnotes":""},"class_list":["post-76","page","type-page","status-publish","hentry"],"_links":{"self":[{"href":"https:\/\/smsigkovacic.me\/index.php?rest_route=\/wp\/v2\/pages\/76","targetHints":{"allow":["GET"]}}],"collection":[{"href":"https:\/\/smsigkovacic.me\/index.php?rest_route=\/wp\/v2\/pages"}],"about":[{"href":"https:\/\/smsigkovacic.me\/index.php?rest_route=\/wp\/v2\/types\/page"}],"author":[{"embeddable":true,"href":"https:\/\/smsigkovacic.me\/index.php?rest_route=\/wp\/v2\/users\/1"}],"replies":[{"embeddable":true,"href":"https:\/\/smsigkovacic.me\/index.php?rest_route=%2Fwp%2Fv2%2Fcomments&post=76"}],"version-history":[{"count":23,"href":"https:\/\/smsigkovacic.me\/index.php?rest_route=\/wp\/v2\/pages\/76\/revisions"}],"predecessor-version":[{"id":8071,"href":"https:\/\/smsigkovacic.me\/index.php?rest_route=\/wp\/v2\/pages\/76\/revisions\/8071"}],"wp:attachment":[{"href":"https:\/\/smsigkovacic.me\/index.php?rest_route=%2Fwp%2Fv2%2Fmedia&parent=76"}],"curies":[{"name":"wp","href":"https:\/\/api.w.org\/{rel}","templated":true}]}}