{"id":74,"date":"2018-01-10T12:20:25","date_gmt":"2018-01-10T10:20:25","guid":{"rendered":"http:\/\/smsigkovacic.me\/?page_id=74"},"modified":"2025-09-21T08:14:53","modified_gmt":"2025-09-21T06:14:53","slug":"strucne-skole","status":"publish","type":"page","link":"https:\/\/smsigkovacic.me\/?page_id=74","title":{"rendered":"Stru\u010dne \u0161kole"},"content":{"rendered":"<p>\u0160kola ralizuje programe stru\u010dnog obrazovanja u trajanju od 3 i 4 godine.<\/p>\n<p><strong>Stru\u010dno obrazovanje u trajanju od 3 godine:<\/strong><\/p>\n<ol>\n<li>Kuvar<\/li>\n<li>Konobar<\/li>\n<li>Frizer<\/li>\n<li>Prodava\u010d<\/li>\n<li>Vodoinstalater<\/li>\n<\/ol>\n<div><strong>Stru\u010dno obrazovanje u trajanju od 4 godine:<\/strong><\/div>\n<div>\n<ol>\n<li>Turisti\u010dki tehni\u010dar \/Hotelsko-turisti\u010dki tehni\u010dar od \u0161kolske 2021. godine\/<\/li>\n<li>Tehni\u010dar kulinarstva \/Gastronom od \u0161kolske 2018. godine\/<\/li>\n<li>Tehni\u010dar uslu\u017eivanja \/Restorater od \u0161kolske 2017.godine\/<\/li>\n<li>Tehni\u010dar prodaje<\/li>\n<li>Ekonomski tehni\u010dar<\/li>\n<li>Gra\u0111evinski tehni\u010dar za visokogradnju<\/li>\n<li>Dizajner enterijera \/Tehni\u010dar za dekorisanje i aran\u017eiranje prostora od \u0161kolske 2020. godine\/<\/li>\n<li>Fizioterapeutski tehni\u010dar<\/li>\n<li>Zdravstveni tehni\u010dar<\/li>\n<li>Elektrotehni\u010dar za razvoj veb i mobilnih aplikacija<\/li>\n<\/ol>\n<div>Vi\u0161e informacija vezanih za usvojene modularizovane obrazovne programe mo\u017eete na\u0107i na ovom linku:<\/div>\n<\/div>\n<ul>\n<li><a href=\"https:\/\/www.dropbox.com\/sh\/nkeii4rtpojvdfr\/AACEB-ykU65a53zOnD2d7PRsa?dl=0\">https:\/\/www.dropbox.com\/sh\/nkeii4rtpojvdfr\/AACEB-ykU65a53zOnD2d7PRsa?dl=0<\/a><\/li>\n<\/ul>\n<div>\n<div>\n<p><em><strong>U nastavku su obrazovni programi koje izvodi na\u0161a \u0161kola.<\/strong><\/em><\/p>\n<\/div>\n<\/div>\n<div>\n<div>\n<hr \/><\/div>\n<\/div>\n\n\n<hr class=\"wp-block-separator has-css-opacity\"\/>\n\n\n\n<p class=\"has-black-color has-text-color has-background\" style=\"background-color:#ffc857\"><strong>ZDRAVSTVO, FARMACIJA I SOCIJALNA ZA\u0160TITA<\/strong><\/p>\n\n\n\n<hr class=\"wp-block-separator has-css-opacity\"\/>\n\n\n\n<div class=\"wp-block-buttons is-layout-flex wp-block-buttons-is-layout-flex\">\n<div class=\"wp-block-button is-style-outline is-style-outline--1\"><a class=\"wp-block-button__link has-medium-font-size has-custom-font-size wp-element-button\" href=\"http:\/\/smsigkovacic.me\/wp-content\/uploads\/2022\/06\/Zdravstveni-tehnicar-stari.pdf\">Zdravstveni tehni\u010dar &#8211; stari program<\/a><\/div>\n<\/div>\n\n\n\n<div class=\"wp-block-buttons is-layout-flex wp-block-buttons-is-layout-flex\">\n<div class=\"wp-block-button is-style-outline is-style-outline--2\"><a class=\"wp-block-button__link has-medium-font-size has-custom-font-size wp-element-button\" href=\"http:\/\/smsigkovacic.me\/wp-content\/uploads\/2023\/08\/OP-090141-ZDRAVSTVENI-TEHNICAR.pdf\" target=\"_blank\" rel=\"noreferrer noopener\">Zdravstveni tehni\u010dar, IV stepen &#8211; od 2023.godine<\/a><\/div>\n<\/div>\n\n\n\n<div class=\"wp-block-buttons is-layout-flex wp-block-buttons-is-layout-flex\">\n<div class=\"wp-block-button is-style-outline is-style-outline--3\"><a class=\"wp-block-button__link has-medium-font-size has-custom-font-size wp-element-button\" href=\"http:\/\/smsigkovacic.me\/wp-content\/uploads\/2025\/09\/op-090141-fizioterapeutski-tehnicar-2025.pdf\">Fizioterapeutski tehni\u010dar, IV stepen &#8211; od 2025. godine<\/a><\/div>\n<\/div>\n\n\n\n<div class=\"wp-block-buttons is-layout-flex wp-block-buttons-is-layout-flex\">\n<div class=\"wp-block-button is-style-outline is-style-outline--4\"><a class=\"wp-block-button__link has-medium-font-size has-custom-font-size wp-element-button\" href=\"http:\/\/smsigkovacic.me\/wp-content\/uploads\/bsk-pdf-manager\/2020\/06\/OP-090141-FIZIOTERAPEUTSKI-TEHNI%C4%8CAR.pdf\"><span style=\"font-size: 1.125em;\">Fizioterapeutski tehni\u010dar, IV stepen &#8211; od 2020.godine<\/span><\/a><\/div>\n<\/div>\n\n\n\n<div class=\"wp-block-buttons is-layout-flex wp-block-buttons-is-layout-flex\">\n<div class=\"wp-block-button is-style-outline is-style-outline--5\"><a class=\"wp-block-button__link has-medium-font-size has-custom-font-size wp-element-button\" href=\"https:\/\/smsigkovacic.me\/wp-content\/uploads\/bsk-pdf-manager\/fizioterapeutski_tehnicar__4_stepen_21.pdf\"> <span style=\"font-size: 1.125em;\">Fizioterapeutski tehni\u010dar, IV stepen &#8211; stari<\/span><\/a><\/div>\n<\/div>\n\n\n\n<hr class=\"wp-block-separator has-css-opacity\"\/>\n\n\n\n<p class=\"has-black-color has-text-color has-background\" style=\"background-color:#ffc857\"><strong>ARHITEKTURA, GEODEZIJA I GRA\u0110EVINARSTVO<\/strong><\/p>\n\n\n\n<hr class=\"wp-block-separator has-css-opacity\"\/>\n\n\n\n<div class=\"wp-block-buttons is-layout-flex wp-block-buttons-is-layout-flex\">\n<div class=\"wp-block-button is-style-outline is-style-outline--6\"><a class=\"wp-block-button__link has-medium-font-size has-custom-font-size wp-element-button\" href=\"http:\/\/smsigkovacic.me\/wp-content\/uploads\/2022\/06\/OP-060241-TEHNICAR-ZA-ARHITEKTURU-I-DIZAJN-ENTERIJERA.pdf\"> <span style=\"font-size: 1.125em;\">Tehni\u010dar za arhitekturu i dizajn enerijera, IV stepen &#8211; od 2022. godine<\/span><\/a><\/div>\n<\/div>\n\n\n\n<div class=\"wp-block-buttons is-layout-flex wp-block-buttons-is-layout-flex\">\n<div class=\"wp-block-button is-style-outline is-style-outline--7\"><a class=\"wp-block-button__link has-medium-font-size has-custom-font-size wp-element-button\" href=\"http:\/\/smsigkovacic.me\/wp-content\/uploads\/bsk-pdf-manager\/2020\/06\/OP-060241-TEHNI%C4%8CAR-ZA-DEKORISANJE-I-ARAN%C5%BDIRANJE-PROSTORA.pdf\"> <span style=\"font-size: 1.125em;\">Tehni\u010dar za dekorisanje i aran\u017eiranje prostora, IV stepen &#8211; od 2020. godine<\/span><\/a><\/div>\n<\/div>\n\n\n\n<div class=\"wp-block-buttons is-layout-flex wp-block-buttons-is-layout-flex\">\n<div class=\"wp-block-button is-style-outline is-style-outline--8\"><a class=\"wp-block-button__link has-medium-font-size has-custom-font-size wp-element-button\" href=\"http:\/\/smsigkovacic.me\/wp-content\/uploads\/bsk-pdf-manager\/2019\/07\/OP-060141-GRA%C4%90EVINSKI-TEHNI%C4%8CAR-ZA-VISOKOGRADNJU.pdf\"> <span style=\"background-color: transparent; color: currentcolor; font-size: 1.125em;\">Gra\u0111evinski tehni\u010dar za visokogradnju &#8211; od 2019.godine<\/span><\/a><\/div>\n<\/div>\n\n\n\n<div class=\"wp-block-buttons is-layout-flex wp-block-buttons-is-layout-flex\">\n<div class=\"wp-block-button is-style-outline is-style-outline--9\"><a class=\"wp-block-button__link has-medium-font-size has-custom-font-size wp-element-button\" href=\"http:\/\/smsigkovacic.me\/wp-content\/uploads\/bsk-pdf-manager\/gradjevinski_tehnicar_za_visokogradnju_4_stepen_23.pdf\"> <span style=\"font-size: 1.125em;\">Gra\u0111evinski tehni\u010dar za visokogradnju, IV stepen &#8211; stari<\/span><\/a><\/div>\n<\/div>\n\n\n\n<div class=\"wp-block-buttons is-layout-flex wp-block-buttons-is-layout-flex\">\n<div class=\"wp-block-button is-style-outline is-style-outline--10\"><a class=\"wp-block-button__link has-medium-font-size has-custom-font-size wp-element-button\" href=\"http:\/\/smsigkovacic.me\/wp-content\/uploads\/bsk-pdf-manager\/gradjevinski_tehnicar_-_dizajner_enterijera_4_stepen_22.pdf\"> <span style=\"font-size: 1.125em;\">Dizajner enterijera, IV stepen &#8211; stari<\/span><\/a><\/div>\n<\/div>\n\n\n\n<div class=\"wp-block-buttons is-horizontal is-content-justification-left is-layout-flex wp-container-core-buttons-is-layout-7e5fce0a wp-block-buttons-is-layout-flex\">\n<div class=\"wp-block-button is-style-outline is-style-outline--11\"><a class=\"wp-block-button__link has-medium-font-size has-custom-font-size wp-element-button\" href=\"http:\/\/smsigkovacic.me\/wp-content\/uploads\/2023\/06\/OP-060130-VODOINSTALATER-2021.pdf\">Vodoinstalater, III stepen od 2023. godine<\/a><\/div>\n<\/div>\n\n\n\n<hr class=\"wp-block-separator has-css-opacity\"\/>\n\n\n\n<p class=\"has-black-color has-text-color has-background\" style=\"background-color:#ffc857\"><strong>TRGOVINA, TURIZAM I UGOSTITELJSTVO<\/strong><\/p>\n\n\n\n<hr class=\"wp-block-separator has-css-opacity\"\/>\n\n\n\n<div class=\"wp-block-buttons is-layout-flex wp-block-buttons-is-layout-flex\">\n<div class=\"wp-block-button is-style-outline is-style-outline--12\"><a class=\"wp-block-button__link wp-element-button\" href=\"http:\/\/smsigkovacic.me\/wp-content\/uploads\/bsk-pdf-manager\/OP_100141_RESTORATER_40.pdf\"> <span style=\"font-size: 1.125em;\">Restorater, IV stepen od 2017. godine<\/span><\/a><\/div>\n<\/div>\n\n\n\n<div class=\"wp-block-buttons is-layout-flex wp-block-buttons-is-layout-flex\">\n<div class=\"wp-block-button is-style-outline is-style-outline--13\"><a class=\"wp-block-button__link wp-element-button\" href=\"http:\/\/smsigkovacic.me\/wp-content\/uploads\/bsk-pdf-manager\/OP_100141_GASTRONOM_35.pdf\"> <span style=\"font-size: 1.125em;\">Gastronom, IV stepen &#8211; od 2018. godine<\/span><\/a><\/div>\n<\/div>\n\n\n\n<div class=\"wp-block-buttons is-layout-flex wp-block-buttons-is-layout-flex\">\n<div class=\"wp-block-button is-style-outline is-style-outline--14\"><a class=\"wp-block-button__link has-medium-font-size has-custom-font-size wp-element-button\" href=\"http:\/\/smsigkovacic.me\/wp-content\/uploads\/bsk-pdf-manager\/OP_100130_KONOBAR_41.pdf\"> <span style=\"font-size: 1.125em;\">Konobar, III stepen od 2018. godine<\/span><\/a><\/div>\n<\/div>\n\n\n\n<div class=\"wp-block-buttons is-layout-flex wp-block-buttons-is-layout-flex\">\n<div class=\"wp-block-button is-style-outline is-style-outline--15\"><a class=\"wp-block-button__link has-medium-font-size has-custom-font-size wp-element-button\" href=\"http:\/\/smsigkovacic.me\/wp-content\/uploads\/2023\/06\/OP-100130-KONOBAR-2022.pdf\">Konobar, III stepen od 2023.godine<\/a><\/div>\n<\/div>\n\n\n\n<div class=\"wp-block-buttons is-layout-flex wp-block-buttons-is-layout-flex\">\n<div class=\"wp-block-button is-style-outline is-style-outline--16\"><a class=\"wp-block-button__link wp-element-button\" href=\"http:\/\/smsigkovacic.me\/wp-content\/uploads\/bsk-pdf-manager\/OP_100130_KUVAR_38.pdf\"> <span style=\"font-size: 1.125em;\">Kuvar, III stepen od 2018.godine<\/span><\/a><\/div>\n<\/div>\n\n\n\n<hr class=\"wp-block-separator has-css-opacity\"\/>\n\n\n\n<div class=\"wp-block-buttons is-layout-flex wp-block-buttons-is-layout-flex\">\n<div class=\"wp-block-button is-style-outline is-style-outline--17\"><a class=\"wp-block-button__link wp-element-button\" href=\"http:\/\/smsigkovacic.me\/wp-content\/uploads\/bsk-pdf-manager\/2018-06-30_39.pdf\"> <span style=\"font-size: 1.125em;\">Ekonomski tehni\u010dar, IV stepen od 2017. godine<\/span><\/a><\/div>\n<\/div>\n\n\n\n<div class=\"wp-block-buttons is-layout-flex wp-block-buttons-is-layout-flex\">\n<div class=\"wp-block-button is-style-outline is-style-outline--18\"><a class=\"wp-block-button__link wp-element-button\" href=\"http:\/\/smsigkovacic.me\/wp-content\/uploads\/bsk-pdf-manager\/2018-06-30_34.pdf\"> <span style=\"font-size: 1.125em;\">Tehni\u010dar Prodaje, IV stepen od 2018. godine<\/span><\/a><\/div>\n<\/div>\n\n\n\n<div class=\"wp-block-buttons is-layout-flex wp-block-buttons-is-layout-flex\">\n<div class=\"wp-block-button is-style-outline is-style-outline--19\"><a class=\"wp-block-button__link wp-element-button\" href=\"http:\/\/smsigkovacic.me\/wp-content\/uploads\/bsk-pdf-manager\/2018-06-30_36.pdf\"> <span style=\"font-size: 1.125em;\">Prodava\u010d, III stepen od 2018. godine<\/span><\/a><\/div>\n<\/div>\n\n\n\n<hr class=\"wp-block-separator has-css-opacity\"\/>\n\n\n\n<div class=\"wp-block-buttons is-layout-flex wp-block-buttons-is-layout-flex\">\n<div class=\"wp-block-button is-style-outline is-style-outline--20\"><a class=\"wp-block-button__link wp-element-button\" href=\"http:\/\/smsigkovacic.me\/wp-content\/uploads\/2021\/06\/OP-100141-HOTELSKO-TURISTI\u010cKI-TEHNI\u010cAR.pdf\"> <span style=\"font-size: 1.125em;\">Hotelsko-turisti\u010dki tehni\u010dar, IV stepen od 2021.godine<\/span><\/a><\/div>\n<\/div>\n\n\n\n<div class=\"wp-block-buttons is-layout-flex wp-block-buttons-is-layout-flex\">\n<div class=\"wp-block-button is-style-outline is-style-outline--21\"><a class=\"wp-block-button__link wp-element-button\" href=\"http:\/\/smsigkovacic.me\/wp-content\/uploads\/bsk-pdf-manager\/turisticki_tehnicar_-od_2013_4_stepen_25.pdf\"> <span style=\"font-size: 1.125em;\">Turisti\u010dki tehni\u010dar, IV stepen od \u0161kolske 2013\/14<\/span><\/a><\/div>\n<\/div>\n\n\n\n<hr class=\"wp-block-separator has-css-opacity\"\/>\n\n\n\n<p class=\"has-black-color has-luminous-vivid-amber-background-color has-text-color has-background has-link-color wp-elements-f3063f33ce3985f23b20471a94f4d17e\"><strong>INFORMACIONA TEHNOLOGIJA<\/strong><\/p>\n\n\n\n<hr class=\"wp-block-separator has-alpha-channel-opacity\"\/>\n\n\n\n<div class=\"wp-block-buttons is-layout-flex wp-block-buttons-is-layout-flex\">\n<div class=\"wp-block-button is-style-outline is-style-outline--22\"><a class=\"wp-block-button__link wp-element-button\" href=\"http:\/\/smsigkovacic.me\/wp-content\/uploads\/2025\/05\/OP-150141-ELEKTROTEHNICAR-ZA-RAZVOJ-VEB-I-MOBILNIH-APLIKACIJA.pdf\"><span style=\"font-size: 1.125em;\">Elektrotehni\u010dar za razvoj veb i mobilnih aplikacija<\/span><\/a><\/div>\n<\/div>\n\n\n\n<hr class=\"wp-block-separator has-alpha-channel-opacity\"\/>\n\n\n\n<p class=\"has-black-color has-text-color has-background\" style=\"background-color:#ffc857\"><strong>USLU\u017dNE DJELATNOSTI<span style=\"color: initial;\"> <\/span><\/strong><\/p>\n\n\n\n<hr class=\"wp-block-separator has-css-opacity\"\/>\n\n\n\n<div class=\"wp-block-buttons is-layout-flex wp-block-buttons-is-layout-flex\">\n<div class=\"wp-block-button is-style-outline is-style-outline--23\"><a class=\"wp-block-button__link has-medium-font-size has-custom-font-size wp-element-button\" href=\"http:\/\/smsigkovacic.me\/wp-content\/uploads\/bsk-pdf-manager\/OP_120030_FRIZER_37.pdf\"> Frizer, III stepen od 2018. godine <\/a><\/div>\n<\/div>\n\n\n\n<hr class=\"wp-block-separator has-alpha-channel-opacity\"\/>\n\n\n\n<p><\/p>\n","protected":false},"excerpt":{"rendered":"<p>\u0160kola ralizuje programe stru\u010dnog obrazovanja u trajanju od 3 i 4 godine. Stru\u010dno obrazovanje u trajanju od 3 godine: Kuvar&#46;&#46;&#46;<\/p>\n","protected":false},"author":1,"featured_media":0,"parent":59,"menu_order":0,"comment_status":"closed","ping_status":"closed","template":"","meta":{"footnotes":""},"class_list":["post-74","page","type-page","status-publish","hentry"],"_links":{"self":[{"href":"https:\/\/smsigkovacic.me\/index.php?rest_route=\/wp\/v2\/pages\/74","targetHints":{"allow":["GET"]}}],"collection":[{"href":"https:\/\/smsigkovacic.me\/index.php?rest_route=\/wp\/v2\/pages"}],"about":[{"href":"https:\/\/smsigkovacic.me\/index.php?rest_route=\/wp\/v2\/types\/page"}],"author":[{"embeddable":true,"href":"https:\/\/smsigkovacic.me\/index.php?rest_route=\/wp\/v2\/users\/1"}],"replies":[{"embeddable":true,"href":"https:\/\/smsigkovacic.me\/index.php?rest_route=%2Fwp%2Fv2%2Fcomments&post=74"}],"version-history":[{"count":77,"href":"https:\/\/smsigkovacic.me\/index.php?rest_route=\/wp\/v2\/pages\/74\/revisions"}],"predecessor-version":[{"id":7961,"href":"https:\/\/smsigkovacic.me\/index.php?rest_route=\/wp\/v2\/pages\/74\/revisions\/7961"}],"up":[{"embeddable":true,"href":"https:\/\/smsigkovacic.me\/index.php?rest_route=\/wp\/v2\/pages\/59"}],"wp:attachment":[{"href":"https:\/\/smsigkovacic.me\/index.php?rest_route=%2Fwp%2Fv2%2Fmedia&parent=74"}],"curies":[{"name":"wp","href":"https:\/\/api.w.org\/{rel}","templated":true}]}}