{"id":70,"date":"2018-01-10T12:19:32","date_gmt":"2018-01-10T12:19:32","guid":{"rendered":"http:\/\/smsigkovacic.me\/?page_id=70"},"modified":"2025-12-02T12:54:23","modified_gmt":"2025-12-02T10:54:23","slug":"savjet-roditelja","status":"publish","type":"page","link":"https:\/\/smsigkovacic.me\/?page_id=70","title":{"rendered":"Savjet roditelja"},"content":{"rendered":"<hr \/>\n<p style=\"text-align: center;\">Spisak roditelja \u010dlanova Savjeta roditelja po odjeljenjima za \u0161kolsku 2025\/26. godinu<\/p>\n<hr \/>\n\n\n<figure class=\"wp-block-table\"><table class=\"has-fixed-layout\"><tbody><tr><td>&nbsp;<\/td><td>&nbsp;&nbsp;&nbsp; <strong>GIMNAZIJA<\/strong><\/td><\/tr><tr><td><strong>I A<\/strong><\/td><td>JASMINA NIKOLI\u0106<\/td><\/tr><tr><td><strong>I B<\/strong><\/td><td>STEFA GLU\u0160AC<\/td><\/tr><tr><td><strong>I V<\/strong><\/td><td>ZAGORKA \u0160ILER<\/td><\/tr><tr><td><strong>II A<\/strong><\/td><td>KATARINA \u0160IMRAK<\/td><\/tr><tr><td><strong>II B<\/strong><\/td><td>MARIJA \u010cEPI\u0106<\/td><\/tr><tr><td><strong>II V<\/strong><\/td><td>NADICA \u010cEPRNI\u0106<\/td><\/tr><tr><td><strong>III A<\/strong><\/td><td>DRAGICA GRBO<\/td><\/tr><tr><td><strong>III B<\/strong><\/td><td>DARKO TOPI\u0106<\/td><\/tr><tr><td><strong>III V<\/strong><\/td><td>GORDANA \u017dIVANOVI\u0106<\/td><\/tr><tr><td><strong>IV A<\/strong><\/td><td>JELICA DRECUN<\/td><\/tr><tr><td><strong>IV B<\/strong><\/td><td>IVANA PESTORI\u0106<\/td><\/tr><tr><td>&nbsp;<\/td><td><strong>&nbsp;&nbsp; VEB DIZAJN<\/strong><\/td><\/tr><tr><td><strong>I VEB<\/strong><\/td><td>MILICA KOSTI\u0106<\/td><\/tr><tr><td>&nbsp;<\/td><td><strong>TURISTI\u010cKI TEHNI\u010cAR<\/strong><\/td><\/tr><tr><td><strong>I TU<\/strong><\/td><td>RADE HAD\u017dI-\u0106URI\u0106<\/td><\/tr><tr><td><strong>II TU<\/strong><\/td><td>NATA\u0160A BIJELI\u0106<\/td><\/tr><tr><td><strong>III TU<\/strong><\/td><td>SANJA VUKOVI\u0106<\/td><\/tr><tr><td><strong>IV TU<\/strong><\/td><td>VESNA \u0160UMAR<\/td><\/tr><tr><td>&nbsp;<\/td><td><strong>EKONOMSKI TEHNI\u010cAR<\/strong><\/td><\/tr><tr><td><strong>I E<\/strong><\/td><td>TAMARA \u017dIVANOVI\u0106<\/td><\/tr><tr><td><strong>II E<\/strong><\/td><td>BILJANA RADULOVI\u0106<\/td><\/tr><tr><td><strong>III E<\/strong><\/td><td>DARA VUKADINOVI\u0106<\/td><\/tr><tr><td><strong>IV E<\/strong><\/td><td>BILJANA BO\u017dOVI\u0106<\/td><\/tr><tr><td>&nbsp;<\/td><td><strong>GRA\u0110EVINSKI TEHNI\u010cAR ZA VISOKOGRADNJU\/DIZAJN ENTERIJERA<\/strong><\/td><\/tr><tr><td><strong>I GR<\/strong><\/td><td>JELENA BUTULIJA<\/td><\/tr><tr><td><strong>II GR<\/strong><\/td><td>BO\u0160KO BOROZAN<\/td><\/tr><tr><td><strong>III GR<\/strong><\/td><td>\u0110OR\u0110E PJE\u0160IVAC<\/td><\/tr><tr><td><strong>IV GR<\/strong><\/td><td>SLAVENA KALU\u0110EROVI\u0106<\/td><\/tr><tr><td><strong>&nbsp;<\/strong><\/td><td>&nbsp;<\/td><\/tr><tr><td>&nbsp;<\/td><td><strong>ZDRAVSTVENI TEHNI\u010cAR<\/strong><\/td><\/tr><tr><td><strong>I ZT\/FT<\/strong><\/td><td>JOVANA KOKOT<\/td><\/tr><tr><td><strong>II ZT<\/strong><\/td><td>DANIEL COLI\u0106<\/td><\/tr><tr><td><strong>III ZT<\/strong><\/td><td>MARIJA RADULOVI\u0106<\/td><\/tr><tr><td><strong>IV &nbsp;ZT<\/strong><\/td><td>MARIJA PAVLOVI\u0106<\/td><\/tr><tr><td>&nbsp;<\/td><td>&nbsp;&nbsp;&nbsp;&nbsp;&nbsp;&nbsp;&nbsp; <strong>GASTRONOM<\/strong><\/td><\/tr><tr><td><strong>I U1<\/strong><\/td><td>IRMA VU\u010cINI\u0106<\/td><\/tr><tr><td><strong>II U1<\/strong><\/td><td>\u017dAKLINA \u0110ERKOVI\u0106<\/td><\/tr><tr><td><strong>III U1<\/strong><\/td><td>ANDREA ZIDAR<\/td><\/tr><tr><td><strong>IV U1<\/strong><\/td><td>IVANA JOVANOVI\u0106<\/td><\/tr><tr><td>&nbsp;<\/td><td><strong>&nbsp;&nbsp;&nbsp;&nbsp;&nbsp;&nbsp;&nbsp;&nbsp; PRODAVA\u010c<\/strong><\/td><\/tr><tr><td><strong>I T<\/strong><\/td><td>ANELA KU\u010c<\/td><\/tr><tr><td><strong>II T<\/strong><\/td><td>DALIBORKA ANTUNOVI\u0106<\/td><\/tr><tr><td><strong>III T<\/strong><\/td><td>DANIJELA GOLUBOVI\u0106<\/td><\/tr><tr><td>&nbsp;<\/td><td><strong>&nbsp;&nbsp;&nbsp;&nbsp;&nbsp;&nbsp; VODOINSTALATER<\/strong><\/td><\/tr><tr><td><strong>I VIN<\/strong><\/td><td>SANJA \u0110URI\u010cI\u0106<\/td><\/tr><tr><td><strong>II VIN<\/strong><\/td><td>VANJA FU\u0160TI\u0106<\/td><\/tr><tr><td><strong>III VIN<\/strong><\/td><td>DRAGANA KULINOVI\u0106<\/td><\/tr><tr><td>&nbsp;<\/td><td>&nbsp;&nbsp;&nbsp;&nbsp;&nbsp;&nbsp;&nbsp;&nbsp;&nbsp;&nbsp; <strong>KONOBAR<\/strong><\/td><\/tr><tr><td><strong>I U2<\/strong><\/td><td>OLIVERA ODALOVI\u0106<\/td><\/tr><tr><td><strong>III U2<\/strong><\/td><td>DANIJELA \u0110OKOVI\u0106<\/td><\/tr><tr><td>&nbsp;<\/td><td>&nbsp;&nbsp;&nbsp;&nbsp;&nbsp;&nbsp;&nbsp;&nbsp;&nbsp;&nbsp;&nbsp;&nbsp;&nbsp; <strong>FRIZER<\/strong><\/td><\/tr><tr><td><strong>I F<\/strong><\/td><td>MARIJA TOMA\u0160EVI\u0106<\/td><\/tr><tr><td><strong>II F<\/strong><\/td><td>DRAGANA KA\u0160\u0106ELAN<\/td><\/tr><tr><td>&nbsp;<\/td><td>&nbsp;<\/td><\/tr><tr><td>&nbsp;<\/td><td>&nbsp;<\/td><\/tr><\/tbody><\/table><\/figure>\n","protected":false},"excerpt":{"rendered":"<p>Spisak roditelja \u010dlanova Savjeta roditelja po odjeljenjima za \u0161kolsku 2025\/26. godinu &nbsp; &nbsp;&nbsp;&nbsp; GIMNAZIJA I A JASMINA NIKOLI\u0106 I B&#46;&#46;&#46;<\/p>\n","protected":false},"author":1,"featured_media":0,"parent":56,"menu_order":0,"comment_status":"closed","ping_status":"closed","template":"","meta":{"footnotes":""},"class_list":["post-70","page","type-page","status-publish","hentry"],"_links":{"self":[{"href":"https:\/\/smsigkovacic.me\/index.php?rest_route=\/wp\/v2\/pages\/70","targetHints":{"allow":["GET"]}}],"collection":[{"href":"https:\/\/smsigkovacic.me\/index.php?rest_route=\/wp\/v2\/pages"}],"about":[{"href":"https:\/\/smsigkovacic.me\/index.php?rest_route=\/wp\/v2\/types\/page"}],"author":[{"embeddable":true,"href":"https:\/\/smsigkovacic.me\/index.php?rest_route=\/wp\/v2\/users\/1"}],"replies":[{"embeddable":true,"href":"https:\/\/smsigkovacic.me\/index.php?rest_route=%2Fwp%2Fv2%2Fcomments&post=70"}],"version-history":[{"count":9,"href":"https:\/\/smsigkovacic.me\/index.php?rest_route=\/wp\/v2\/pages\/70\/revisions"}],"predecessor-version":[{"id":8307,"href":"https:\/\/smsigkovacic.me\/index.php?rest_route=\/wp\/v2\/pages\/70\/revisions\/8307"}],"up":[{"embeddable":true,"href":"https:\/\/smsigkovacic.me\/index.php?rest_route=\/wp\/v2\/pages\/56"}],"wp:attachment":[{"href":"https:\/\/smsigkovacic.me\/index.php?rest_route=%2Fwp%2Fv2%2Fmedia&parent=70"}],"curies":[{"name":"wp","href":"https:\/\/api.w.org\/{rel}","templated":true}]}}