{"id":6918,"date":"2024-09-30T09:11:56","date_gmt":"2024-09-30T07:11:56","guid":{"rendered":"https:\/\/smsigkovacic.me\/?page_id=6918"},"modified":"2026-02-24T18:38:51","modified_gmt":"2026-02-24T16:38:51","slug":"microsoft-teams","status":"publish","type":"page","link":"https:\/\/smsigkovacic.me\/?page_id=6918","title":{"rendered":"Microsoft Teams"},"content":{"rendered":"\n<p>Teams je mogu\u0107e koristiti u Windows, MacOS, Linux, Android i IOS okru\u017eenju.<\/p>\n\n\n\n<p>Veb-verziju Teamsa na ra\u010dunaru mogu\u0107e je koristiti iz bilo kog savremenog internet pregleda\u010da (Chrome, Edge, Firefox\u2026) direktno sa po\u010detne stranice&nbsp;<a href=\"https:\/\/www.office.com\/\" target=\"_blank\" rel=\"noreferrer noopener\">Microsoft 365<\/a><\/p>\n\n\n\n<p>Ako \u017eelite da imate Teams na telefonu ili tabletu preuzmite aplikaciju za va\u0161 ure\u0111aj sa <a href=\"https:\/\/play.google.com\/store\/apps\/details?id=com.microsoft.teams&amp;hl=en\">GooglePlay<\/a> ili <a href=\"https:\/\/apps.apple.com\/us\/app\/microsoft-teams\/id1113153706?cmpid=downloadiOSGetApp&amp;lm=deeplink&amp;lmsrc=downloadPage\">Apple App Store<\/a>-a.<\/p>\n\n\n\n<p>Video uputstva za instalaciju, registraciju i kori\u0161\u0107enje programa mo\u017eete pogledati na <a href=\"https:\/\/www.digitalnaskola.edu.me\/teams.html\">Digionici<\/a>.<\/p>\n\n\n\n<p class=\"has-black-color has-cyan-bluish-gray-background-color has-text-color has-background has-link-color wp-elements-b5c837149610516109b8558e5b23e821\"><strong>Ako imate problema sa kori\u0161\u0107enjem Teams-a popunite sljede\u0107i <a href=\"https:\/\/forms.office.com\/Pages\/ResponsePage.aspx?id=HpNUBLzka0-pNvvyCqgae5M7J6E3XGBKk8pXZdnx_KpUOFZDNDkwNUtQSUhKU1ZPTTNOMk80Vk5XVy4u\">Upitnik<\/a>.<\/strong><\/p>\n\n\n\n<p><\/p>\n","protected":false},"excerpt":{"rendered":"<p>Teams je mogu\u0107e koristiti u Windows, MacOS, Linux, Android i IOS okru\u017eenju. Veb-verziju Teamsa na ra\u010dunaru mogu\u0107e je koristiti iz&#46;&#46;&#46;<\/p>\n","protected":false},"author":1,"featured_media":0,"parent":0,"menu_order":0,"comment_status":"closed","ping_status":"closed","template":"","meta":{"footnotes":""},"class_list":["post-6918","page","type-page","status-publish","hentry"],"_links":{"self":[{"href":"https:\/\/smsigkovacic.me\/index.php?rest_route=\/wp\/v2\/pages\/6918","targetHints":{"allow":["GET"]}}],"collection":[{"href":"https:\/\/smsigkovacic.me\/index.php?rest_route=\/wp\/v2\/pages"}],"about":[{"href":"https:\/\/smsigkovacic.me\/index.php?rest_route=\/wp\/v2\/types\/page"}],"author":[{"embeddable":true,"href":"https:\/\/smsigkovacic.me\/index.php?rest_route=\/wp\/v2\/users\/1"}],"replies":[{"embeddable":true,"href":"https:\/\/smsigkovacic.me\/index.php?rest_route=%2Fwp%2Fv2%2Fcomments&post=6918"}],"version-history":[{"count":10,"href":"https:\/\/smsigkovacic.me\/index.php?rest_route=\/wp\/v2\/pages\/6918\/revisions"}],"predecessor-version":[{"id":8525,"href":"https:\/\/smsigkovacic.me\/index.php?rest_route=\/wp\/v2\/pages\/6918\/revisions\/8525"}],"wp:attachment":[{"href":"https:\/\/smsigkovacic.me\/index.php?rest_route=%2Fwp%2Fv2%2Fmedia&parent=6918"}],"curies":[{"name":"wp","href":"https:\/\/api.w.org\/{rel}","templated":true}]}}