{"id":68,"date":"2018-01-10T12:19:12","date_gmt":"2018-01-10T12:19:12","guid":{"rendered":"http:\/\/smsigkovacic.me\/?page_id=68"},"modified":"2025-10-13T11:39:04","modified_gmt":"2025-10-13T09:39:04","slug":"ucenicki-parlament","status":"publish","type":"page","link":"https:\/\/smsigkovacic.me\/?page_id=68","title":{"rendered":"U\u010deni\u010dki parlament"},"content":{"rendered":"<p><em><strong>Svrha organizovanja<\/strong><\/em><\/p>\n<hr \/>\n<p>Direktor, pomo\u0107nik direktora, \u0161kolski pedagog i psiholog i odjeljenske starje\u0161ine pomaga\u0107e organizovanje rada u\u010denika u odjeljenskim zajednicama i u \u0161koli uop\u0161te, u skladu sa op\u0161tim \u017eivotom i radom \u0161kole.<\/p>\n<p>U\u010denici \u0107e preko svojih predstavnika u U\u010deni\u010dkom parlamentu \u0161kole predlagati mjere i djelatnosti u cilju \u0161to boljeg organizovanja ukupnog \u017eivota i rada u \u0161koli.<\/p>\n<p>Kroz rad redakcije lista \u201cIskra\u201d, omogu\u0107i\u0107e se u\u010denicima da izla\u017eu svoja mi\u0161ljenja, zapa\u017eanja i da objavljuju svoje literarne radove, crte\u017ee i sl.<\/p>\n<p>Svi nastavnici \u0161kole su obavezni da doprinose razvijanju odgovornosti svojim primjernim pona\u0161anjem, ukazivanjem u\u010denicima na njihova prava i obaveze.<\/p>\n<p>U\u010denike treba usmjeravati na sljede\u0107a pitanja:<\/p>\n<ul>\n<li>u\u010denje i me\u0111usobna pomo\u0107 u u\u010denju;<\/li>\n<li>redovno poha\u0111anje nastave;<\/li>\n<li>razvijanje drugarstva i odjeljenskog-razrednog i \u0161kolskog kolektiva;<\/li>\n<li>me\u0111usobni odnosi u\u010denika, usavr\u0161avanje i po\u0161tovanje dostojanstva li\u010dnosti suprotnog pola;<\/li>\n<li>\u010duvanje \u0161kolske imovine i odr\u017eavanje reda i discipline u odjeljenju \u2013 razredu \u0161kole;<\/li>\n<li>organizacija zabave, izleta, ekskurzija;<\/li>\n<li>u\u010de\u0161\u0107e u\u010denika u nau\u010dnim i slobodnim aktivnostima;<\/li>\n<li>u\u010de\u0161\u0107e u\u010denika u priredbama i drugim akcijama javne i kulturne djelatnosti \u0161kole;<\/li>\n<li>saradnja sa roditeljima i dru\u0161tvenom sredinom;<\/li>\n<li>sva druga pitanja iz \u017eivota i rada \u0161kole.<\/li>\n<\/ul>\n\n\n<hr class=\"wp-block-separator has-css-opacity\"\/>\n\n\n\n<p><strong>U\u010cENI\u010cKI PARLAMENT 2025\/2026.<\/strong><\/p>\n\n\n\n<p><strong><em>Predsjednica:<\/em><\/strong><strong> <em>Mariya Popova IIIa<\/em><\/strong><\/p>\n\n\n\n<p><strong><em>Zamjenik: Stefan An\u0111eli\u0107 IIb<\/em><\/strong><\/p>\n\n\n\n<p>1.&nbsp;&nbsp;&nbsp;&nbsp;&nbsp;&nbsp; Ia&nbsp;&nbsp;&nbsp;&nbsp;&nbsp;&nbsp; Andrija Strikovi\u0107<\/p>\n\n\n\n<p>2.&nbsp;&nbsp;&nbsp;&nbsp;&nbsp;&nbsp; Ib&nbsp;&nbsp;&nbsp;&nbsp;&nbsp;&nbsp; Vuk Jani\u010di\u0107<\/p>\n\n\n\n<p>3.&nbsp;&nbsp;&nbsp;&nbsp;&nbsp;&nbsp; Iv&nbsp;&nbsp;&nbsp;&nbsp;&nbsp;&nbsp; Philipp Schiller<\/p>\n\n\n\n<p>4.&nbsp;&nbsp;&nbsp;&nbsp;&nbsp;&nbsp; IIa&nbsp;&nbsp;&nbsp;&nbsp;&nbsp; Mia Banovi\u0107<\/p>\n\n\n\n<p>5.&nbsp;&nbsp;&nbsp;&nbsp;&nbsp;&nbsp; IIb&nbsp;&nbsp;&nbsp;&nbsp;&nbsp; Stefan An\u0111eli\u0107<\/p>\n\n\n\n<p>6.&nbsp;&nbsp;&nbsp;&nbsp;&nbsp;&nbsp; IIv&nbsp;&nbsp;&nbsp;&nbsp;&nbsp; Konstantin \u017dutkovi\u0107<\/p>\n\n\n\n<p>7.&nbsp;&nbsp;&nbsp;&nbsp;&nbsp;&nbsp; IIIa&nbsp;&nbsp;&nbsp;&nbsp; Mariya Popova<\/p>\n\n\n\n<p>8.&nbsp;&nbsp;&nbsp;&nbsp;&nbsp;&nbsp; IIIb&nbsp;&nbsp;&nbsp;&nbsp; Mila Strikovi\u0107<\/p>\n\n\n\n<p>9.&nbsp;&nbsp;&nbsp;&nbsp;&nbsp;&nbsp; IIIv&nbsp;&nbsp;&nbsp;&nbsp; Sara Milanko<\/p>\n\n\n\n<p>10.&nbsp;&nbsp;&nbsp;&nbsp; IVa&nbsp;&nbsp;&nbsp;&nbsp; Milica \u0160ekularac<\/p>\n\n\n\n<p>11.&nbsp;&nbsp;&nbsp;&nbsp; IVb&nbsp;&nbsp;&nbsp;&nbsp; Na\u0111a Radovi\u0107<\/p>\n\n\n\n<p>12.&nbsp;&nbsp;&nbsp;&nbsp; Itu&nbsp;&nbsp;&nbsp;&nbsp;&nbsp; Helena Sredanovi\u0107<\/p>\n\n\n\n<p>13.&nbsp;&nbsp;&nbsp;&nbsp; IItu&nbsp;&nbsp;&nbsp;&nbsp; Mihajlo Mrdi\u0107<\/p>\n\n\n\n<p>14.&nbsp;&nbsp;&nbsp;&nbsp; IIItu&nbsp;&nbsp;&nbsp; Dunja Vukovi\u0107<\/p>\n\n\n\n<p>15.&nbsp;&nbsp;&nbsp;&nbsp; IVtu&nbsp;&nbsp;&nbsp; An\u0111ela Peri\u0107<\/p>\n\n\n\n<p>16.&nbsp;&nbsp;&nbsp;&nbsp; Ie&nbsp;&nbsp;&nbsp;&nbsp;&nbsp;&nbsp; Teodora \u0110ur\u0111evi\u0107<\/p>\n\n\n\n<p>17.&nbsp;&nbsp;&nbsp;&nbsp; IIe&nbsp;&nbsp;&nbsp;&nbsp;&nbsp; Tara Perovi\u0107<\/p>\n\n\n\n<p>18.&nbsp;&nbsp;&nbsp;&nbsp; IIIe&nbsp;&nbsp;&nbsp;&nbsp; Ivan Medenica<\/p>\n\n\n\n<p>19.&nbsp;&nbsp;&nbsp;&nbsp; IVe&nbsp;&nbsp;&nbsp;&nbsp; Lana Mijajlovi\u0107<\/p>\n\n\n\n<p>20.&nbsp;&nbsp;&nbsp;&nbsp; Igr&nbsp;&nbsp;&nbsp;&nbsp;&nbsp; Lada Gradoselskaya<\/p>\n\n\n\n<p>21.&nbsp;&nbsp;&nbsp;&nbsp; IIgr&nbsp;&nbsp;&nbsp;&nbsp; Nikola Supi\u0107<\/p>\n\n\n\n<p>22.&nbsp;&nbsp;&nbsp;&nbsp; IIIgr&nbsp;&nbsp;&nbsp; Jelena Mari\u0107<\/p>\n\n\n\n<p>23.&nbsp;&nbsp;&nbsp;&nbsp; IVgr&nbsp;&nbsp;&nbsp; Tara Bulatovi\u0107<\/p>\n\n\n\n<p>24.&nbsp;&nbsp;&nbsp;&nbsp; Izt\/ft&nbsp;&nbsp; Elena Stojkovi\u0107<\/p>\n\n\n\n<p>25.&nbsp;&nbsp;&nbsp;&nbsp; IIzt&nbsp;&nbsp;&nbsp;&nbsp; Hana Kova\u010devi\u0107<\/p>\n\n\n\n<p>26.&nbsp;&nbsp;&nbsp;&nbsp; IIIzt&nbsp;&nbsp;&nbsp; Anastasija Petri\u0107<\/p>\n\n\n\n<p>27.&nbsp;&nbsp;&nbsp;&nbsp; IVzt&nbsp;&nbsp;&nbsp; Vladimir Pavlovi\u0107<\/p>\n\n\n\n<p>28.&nbsp;&nbsp;&nbsp;&nbsp; Iu1&nbsp;&nbsp;&nbsp;&nbsp; Andrea Radojevi\u0107<\/p>\n\n\n\n<p>29.&nbsp;&nbsp;&nbsp;&nbsp; IIu1&nbsp;&nbsp;&nbsp; Damir Pra\u0161ovi\u0107<\/p>\n\n\n\n<p>30.&nbsp;&nbsp;&nbsp;&nbsp; IIIu1&nbsp;&nbsp; Jelena Koprivica<\/p>\n\n\n\n<p>31.&nbsp;&nbsp;&nbsp;&nbsp; IVu1&nbsp;&nbsp; Elena Zvicer<\/p>\n\n\n\n<p>32.&nbsp;&nbsp;&nbsp;&nbsp; It&nbsp;&nbsp;&nbsp;&nbsp;&nbsp;&nbsp;&nbsp; Viktor Blagojevi\u0107<\/p>\n\n\n\n<p>33.&nbsp;&nbsp;&nbsp;&nbsp; IIt&nbsp;&nbsp;&nbsp;&nbsp;&nbsp;&nbsp; Andrea Ju\u0161kovi\u0107<\/p>\n\n\n\n<p>34.&nbsp;&nbsp;&nbsp;&nbsp; IIIt&nbsp;&nbsp;&nbsp;&nbsp;&nbsp; Milica Mandi\u0107<\/p>\n\n\n\n<p>35.&nbsp;&nbsp;&nbsp;&nbsp; Ivin&nbsp;&nbsp;&nbsp;&nbsp; Mateja Stojanovi\u0107<\/p>\n\n\n\n<p>36.&nbsp;&nbsp;&nbsp;&nbsp; IIvin&nbsp;&nbsp;&nbsp; Marko \u0160kero<\/p>\n\n\n\n<p>37.&nbsp;&nbsp;&nbsp;&nbsp; IIIvin&nbsp;&nbsp; Nikola Vlaovi\u0107<\/p>\n\n\n\n<p>38.&nbsp;&nbsp;&nbsp;&nbsp; If&nbsp;&nbsp;&nbsp;&nbsp;&nbsp;&nbsp;&nbsp; Bojana Vojnovi\u0107<\/p>\n\n\n\n<p>39.&nbsp;&nbsp;&nbsp;&nbsp; IIf&nbsp;&nbsp;&nbsp;&nbsp;&nbsp;&nbsp; Mirjana Vukasovi\u0107<\/p>\n\n\n\n<p>40.&nbsp;&nbsp;&nbsp;&nbsp; Iu2&nbsp;&nbsp;&nbsp;&nbsp; Aleksa Odalovi\u0107<\/p>\n\n\n\n<p>41.&nbsp;&nbsp;&nbsp;&nbsp; IIIu2&nbsp;&nbsp; Sanja Milenkov<\/p>\n\n\n\n<p>42.&nbsp;&nbsp;&nbsp;&nbsp; Iveb&nbsp;&nbsp;&nbsp; Tara Kosti\u0107<\/p>\n","protected":false},"excerpt":{"rendered":"<p>Svrha organizovanja Direktor, pomo\u0107nik direktora, \u0161kolski pedagog i psiholog i odjeljenske starje\u0161ine pomaga\u0107e organizovanje rada u\u010denika u odjeljenskim zajednicama i&#46;&#46;&#46;<\/p>\n","protected":false},"author":1,"featured_media":0,"parent":56,"menu_order":0,"comment_status":"closed","ping_status":"closed","template":"","meta":{"footnotes":""},"class_list":["post-68","page","type-page","status-publish","hentry"],"_links":{"self":[{"href":"https:\/\/smsigkovacic.me\/index.php?rest_route=\/wp\/v2\/pages\/68","targetHints":{"allow":["GET"]}}],"collection":[{"href":"https:\/\/smsigkovacic.me\/index.php?rest_route=\/wp\/v2\/pages"}],"about":[{"href":"https:\/\/smsigkovacic.me\/index.php?rest_route=\/wp\/v2\/types\/page"}],"author":[{"embeddable":true,"href":"https:\/\/smsigkovacic.me\/index.php?rest_route=\/wp\/v2\/users\/1"}],"replies":[{"embeddable":true,"href":"https:\/\/smsigkovacic.me\/index.php?rest_route=%2Fwp%2Fv2%2Fcomments&post=68"}],"version-history":[{"count":5,"href":"https:\/\/smsigkovacic.me\/index.php?rest_route=\/wp\/v2\/pages\/68\/revisions"}],"predecessor-version":[{"id":8052,"href":"https:\/\/smsigkovacic.me\/index.php?rest_route=\/wp\/v2\/pages\/68\/revisions\/8052"}],"up":[{"embeddable":true,"href":"https:\/\/smsigkovacic.me\/index.php?rest_route=\/wp\/v2\/pages\/56"}],"wp:attachment":[{"href":"https:\/\/smsigkovacic.me\/index.php?rest_route=%2Fwp%2Fv2%2Fmedia&parent=68"}],"curies":[{"name":"wp","href":"https:\/\/api.w.org\/{rel}","templated":true}]}}