{"id":66,"date":"2018-01-10T12:18:47","date_gmt":"2018-01-10T12:18:47","guid":{"rendered":"http:\/\/smsigkovacic.me\/?page_id=66"},"modified":"2025-12-02T12:53:53","modified_gmt":"2025-12-02T10:53:53","slug":"nastavnicko-vijece","status":"publish","type":"page","link":"https:\/\/smsigkovacic.me\/?page_id=66","title":{"rendered":"Nastavni\u010dko vije\u0107e"},"content":{"rendered":"\n<figure class=\"wp-block-table\"><table><tbody><tr><td>nastavnik<\/td><td>odjeljenjski starje\u0161ina<\/td><\/tr><tr><td>Danijela Gudeljevi\u0107<\/td><td>I tu&nbsp;<\/td><\/tr><tr><td>Ana Mirja\u010di\u0107<\/td><td>II v<\/td><\/tr><tr><td>Dijana Roganovi\u0107<\/td><td>I veb&nbsp;<\/td><\/tr><tr><td>Ljubomir Ljubisavljevi\u0107<\/td><td>IV tu&nbsp;<\/td><\/tr><tr><td>Ana Lekovi\u0107<\/td><td>II zt&nbsp;<\/td><\/tr><tr><td>Biljana Ba\u0107ovi\u0107<\/td><td>II gr&nbsp;<\/td><\/tr><tr><td>Zorica Markovic<\/td><td>&nbsp;<\/td><\/tr><tr><td>Vasilije Savi\u0107<\/td><td>I f&nbsp;<\/td><\/tr><tr><td>Sanja Ateljevi\u0107<\/td><td>II a&nbsp;<\/td><\/tr><tr><td>Anica Radan<\/td><td>IV b&nbsp;<\/td><\/tr><tr><td>Danijela Uskokovi\u0107<\/td><td>IV e&nbsp;<\/td><\/tr><tr><td>Dragana Kosa\u0107<\/td><td>&nbsp;<\/td><\/tr><tr><td>Aleksandra Kre\u010dkovi\u0107<\/td><td>III b&nbsp;<\/td><\/tr><tr><td>Stanka Zambeli\u0107<\/td><td>IV u1&nbsp;<\/td><\/tr><tr><td>Biljana Brajovi\u0107<\/td><td>&nbsp;<\/td><\/tr><tr><td>Jelena Stamenovi\u0107<\/td><td>I b&nbsp;<\/td><\/tr><tr><td>Mirela \u0106irovi\u0107<\/td><td>I u2&nbsp;<\/td><\/tr><tr><td>Milica Gajovi\u0107<\/td><td>&nbsp;II tu<\/td><\/tr><tr><td>Gojko \u0110ur\u0111evi\u0107<\/td><td>IV a&nbsp;<\/td><\/tr><tr><td>Neboj\u0161a \u010calija<\/td><td>III a&nbsp;<\/td><\/tr><tr><td>Dragana Vuji\u010di\u0107<\/td><td>III gr&nbsp;<\/td><\/tr><tr><td>Jelica \u0110urkovi\u0107<\/td><td>I gr&nbsp;<\/td><\/tr><tr><td>\u017dana Garda\u0161evi\u0107<\/td><td>&nbsp;<\/td><\/tr><tr><td>Tamara Dabovi\u0107<\/td><td>III vin&nbsp;<\/td><\/tr><tr><td>Milena Radulovi\u0107<\/td><td>I t&nbsp;<\/td><\/tr><tr><td>Mario \u0160imi\u0107<\/td><td>&nbsp;I vin<\/td><\/tr><tr><td>Valerija Koprivica<\/td><td>III e&nbsp;<\/td><\/tr><tr><td>Nikola Markovi\u0107<\/td><td>&nbsp;<\/td><\/tr><tr><td>\u017deljko Koprivica<\/td><td>&nbsp;<\/td><\/tr><tr><td>Ljubomir \u0110uri\u0161i\u0107<\/td><td>&nbsp;<\/td><\/tr><tr><td>Sini\u0161a Brajovi\u0107<\/td><td>&nbsp;<\/td><\/tr><tr><td>Slavica \u017dori\u0107<\/td><td>I a&nbsp;<\/td><\/tr><tr><td>Alen Lalovac<\/td><td>IV zt&nbsp;<\/td><\/tr><tr><td>Jovana Tatalovi\u0107<\/td><td>&nbsp;Izt\/Ift<\/td><\/tr><tr><td>Sa\u0161a Vuleti\u0107<\/td><td>III zt&nbsp;<\/td><\/tr><tr><td>Jelena Popovi\u0107<\/td><td>&nbsp;<\/td><\/tr><tr><td>Sonja Paspalj<\/td><td>&nbsp;<\/td><\/tr><tr><td>Milan Ra\u0111enovi\u0107<\/td><td>II b&nbsp;<\/td><\/tr><tr><td>Branislav Kre\u010dkovi\u0107<\/td><td>&nbsp;<\/td><\/tr><tr><td>Sr\u0111an Kulinovi\u0107<\/td><td>I v&nbsp;<\/td><\/tr><tr><td>Vesko Ma\u0161kovi\u0107<\/td><td>&nbsp;<\/td><\/tr><tr><td>Milica Tu\u0161up<\/td><td>&nbsp;<\/td><\/tr><tr><td>Danijela \u017di\u017ei\u0107<\/td><td>&nbsp;<\/td><\/tr><tr><td>Sla\u0111ana Samard\u017ei\u0107<\/td><td>&nbsp;<\/td><\/tr><tr><td>Momir Dragi\u0107evi\u0107<\/td><td>&nbsp;<\/td><\/tr><tr><td>Ksenija Odalovi\u0107<\/td><td>&nbsp;<\/td><\/tr><tr><td>Nata\u0161a Mladenovi\u0107<\/td><td>III u1&nbsp;<\/td><\/tr><tr><td>Nina Be\u0107irovi\u0107<\/td><td>III tu&nbsp;<\/td><\/tr><tr><td>Nata\u0161a Bulatovi\u0107<\/td><td>I e&nbsp;<\/td><\/tr><tr><td>Biljana Grle<\/td><td>&nbsp;<\/td><\/tr><tr><td>Mira Jovanovi\u0107<\/td><td>&nbsp;<\/td><\/tr><tr><td>Milena Ivanovi\u0107<\/td><td>&nbsp;<\/td><\/tr><tr><td>Miljan Kova\u010devi\u0107<\/td><td>II e&nbsp;<\/td><\/tr><tr><td>Olga Tomovi\u0107<\/td><td>&nbsp;<\/td><\/tr><tr><td>Svetlana Jan\u010di\u0107<\/td><td>&nbsp;<\/td><\/tr><tr><td>Ksandra Popovi\u0107<\/td><td>II f&nbsp;<\/td><\/tr><tr><td>Nada Karad\u017ei\u0107<\/td><td>&nbsp;<\/td><\/tr><tr><td>Jovica Gudeljevi\u0107<\/td><td>III v&nbsp;<\/td><\/tr><tr><td>Radmila Popovi\u0107<\/td><td>III t&nbsp;<\/td><\/tr><tr><td>Lidija Rako\u010devi\u0107<\/td><td>IV gr&nbsp;<\/td><\/tr><tr><td>Mirko Lepeti\u0107<\/td><td>II t&nbsp;<\/td><\/tr><tr><td>Sanja Muminovi\u0107<\/td><td>II vin&nbsp;<\/td><\/tr><tr><td>Marina Bojovi\u0107<\/td><td>III u2&nbsp;<\/td><\/tr><tr><td>Luka Milanovi\u0107<\/td><td>&nbsp;<\/td><\/tr><tr><td>Orion Fulurija<\/td><td>I u1&nbsp;<\/td><\/tr><tr><td>Stefan Ku\u010devi\u0107<\/td><td>II u1&nbsp;<\/td><\/tr><tr><td>Ivana Bigovi\u0107<\/td><td>&nbsp;<\/td><\/tr><tr><td>\u0110or\u0111e Ratkovi\u0107<\/td><td>&nbsp;<\/td><\/tr><tr><td>Ljiljana Vavi\u0107<\/td><td>&nbsp;<\/td><\/tr><tr><td>Marko Rai\u010devi\u0107<\/td><td>&nbsp;<\/td><\/tr><tr><td>Snje\u017eana Bali\u0107<\/td><td>&nbsp;<\/td><\/tr><tr><td>Sne\u017eana Popovi\u0107<\/td><td>&nbsp;<\/td><\/tr><tr><td>Sne\u017eana Lalatovi\u0107<\/td><td>&nbsp;<\/td><\/tr><tr><td>Marina Dim\u010da<\/td><td>&nbsp;<\/td><\/tr><tr><td>Jelena Mili\u0107evi\u0107<\/td><td>&nbsp;<\/td><\/tr><tr><td>Minja Josipovi\u0107<\/td><td>&nbsp;<\/td><\/tr><tr><td>Nata\u0161a Sekuli\u0107<\/td><td>&nbsp;<\/td><\/tr><tr><td>Gospava Milovi\u0107<\/td><td>&nbsp;<\/td><\/tr><tr><td>Lazar Terzi\u0107<\/td><td>&nbsp;<\/td><\/tr><tr><td>Tatjana Reli\u0107<\/td><td>\u0160kolski psiholog<\/td><\/tr><tr><td>Ana Ra\u0161ovi\u0107<\/td><td>\u0160kolski pedagog<\/td><\/tr><tr><td>Milan Pu\u0161ica<\/td><td>Organizator prakti\u010dne nastave<\/td><\/tr><tr><td>Marica Lu\u010di\u0107<\/td><td>Bibliotekarka<\/td><\/tr><tr><td>Sr\u0111an Terzovi\u0107<\/td><td>Pomo\u0107nik direktora<\/td><\/tr><tr><td>Ljiljana Karanovi\u0107<\/td><td>Direktor<\/td><\/tr><\/tbody><\/table><\/figure>\n","protected":false},"excerpt":{"rendered":"<p>nastavnik odjeljenjski starje\u0161ina Danijela Gudeljevi\u0107 I tu&nbsp; Ana Mirja\u010di\u0107 II v Dijana Roganovi\u0107 I veb&nbsp; Ljubomir Ljubisavljevi\u0107 IV tu&nbsp; Ana&#46;&#46;&#46;<\/p>\n","protected":false},"author":1,"featured_media":0,"parent":56,"menu_order":0,"comment_status":"closed","ping_status":"closed","template":"","meta":{"footnotes":""},"class_list":["post-66","page","type-page","status-publish","hentry"],"_links":{"self":[{"href":"https:\/\/smsigkovacic.me\/index.php?rest_route=\/wp\/v2\/pages\/66","targetHints":{"allow":["GET"]}}],"collection":[{"href":"https:\/\/smsigkovacic.me\/index.php?rest_route=\/wp\/v2\/pages"}],"about":[{"href":"https:\/\/smsigkovacic.me\/index.php?rest_route=\/wp\/v2\/types\/page"}],"author":[{"embeddable":true,"href":"https:\/\/smsigkovacic.me\/index.php?rest_route=\/wp\/v2\/users\/1"}],"replies":[{"embeddable":true,"href":"https:\/\/smsigkovacic.me\/index.php?rest_route=%2Fwp%2Fv2%2Fcomments&post=66"}],"version-history":[{"count":10,"href":"https:\/\/smsigkovacic.me\/index.php?rest_route=\/wp\/v2\/pages\/66\/revisions"}],"predecessor-version":[{"id":8306,"href":"https:\/\/smsigkovacic.me\/index.php?rest_route=\/wp\/v2\/pages\/66\/revisions\/8306"}],"up":[{"embeddable":true,"href":"https:\/\/smsigkovacic.me\/index.php?rest_route=\/wp\/v2\/pages\/56"}],"wp:attachment":[{"href":"https:\/\/smsigkovacic.me\/index.php?rest_route=%2Fwp%2Fv2%2Fmedia&parent=66"}],"curies":[{"name":"wp","href":"https:\/\/api.w.org\/{rel}","templated":true}]}}